{"id":170,"date":"2026-02-11T19:24:34","date_gmt":"2026-02-11T19:24:34","guid":{"rendered":"https:\/\/vive-wintzenheim.fr\/?page_id=170"},"modified":"2026-02-11T19:24:37","modified_gmt":"2026-02-11T19:24:37","slug":"mentions-legales","status":"publish","type":"page","link":"https:\/\/vive-wintzenheim.fr\/index.php\/mentions-legales\/","title":{"rendered":"mentions l\u00e9gales"},"content":{"rendered":"\t\t<div data-elementor-type=\"wp-page\" data-elementor-id=\"170\" class=\"elementor elementor-170\">\n\t\t\t\t<div class=\"elementor-element elementor-element-3063e61 e-flex e-con-boxed e-con e-parent\" data-id=\"3063e61\" data-element_type=\"container\" data-e-type=\"container\">\n\t\t\t\t\t<div class=\"e-con-inner\">\n\t\t\t\t<div class=\"elementor-element elementor-element-b01d491 elementor-widget elementor-widget-text-editor\" data-id=\"b01d491\" data-element_type=\"widget\" data-e-type=\"widget\" data-widget_type=\"text-editor.default\">\n\t\t\t\t\t\t\t\t\t<h4 class=\"wp-block-heading\"><strong>Directeur de publication<\/strong><\/h4><p>Luca BASSO<\/p><h4 class=\"wp-block-heading\">H\u00e9bergement<\/h4><p>Le site est h\u00e9berg\u00e9 par : OVH \u2013 Si\u00e8ge social : 2 rue Kellermann \u2013 59100 Roubaix \u2013 France<\/p><div class=\"min-h-8 text-message relative flex w-full flex-col items-end gap-2 text-start break-words whitespace-normal [.text-message+&amp;]:mt-1\" dir=\"auto\" data-message-author-role=\"assistant\" data-message-id=\"bbd340a2-317c-43c8-a8b1-7548e55ce93e\" data-message-model-slug=\"gpt-5-2\"><div class=\"flex w-full flex-col gap-1 empty:hidden first:pt-[1px]\"><p data-start=\"0\" data-end=\"113\">Voici une version adapt\u00e9e aux <strong data-start=\"30\" data-end=\"68\">\u00e9lections municipales de mars 2026<\/strong>, pr\u00eate \u00e0 ins\u00e9rer dans vos mentions l\u00e9gales :<\/p><h4 class=\"markdown prose dark:prose-invert w-full wrap-break-word dark markdown-new-styling\">Propri\u00e9t\u00e9 intellectuelle<\/h4><p data-start=\"150\" data-end=\"300\">Le pr\u00e9sent site constitue le site officiel de campagne de Luca BASSO\u00a0pour les \u00e9lections municipales de mars 2026 \u00e0 Wintzenheim &#8211; 68920<\/p><p data-start=\"302\" data-end=\"585\">L\u2019ensemble des contenus pr\u00e9sents sur le site (textes, programme, prises de position, photographies, vid\u00e9os, \u00e9l\u00e9ments graphiques, logo, documents t\u00e9l\u00e9chargeables, charte graphique, slogan, etc.) est la propri\u00e9t\u00e9 exclusive de Luca BASSO ou fait l\u2019objet d\u2019un droit d\u2019utilisation.<\/p><p data-start=\"587\" data-end=\"657\">Ces \u00e9l\u00e9ments sont prot\u00e9g\u00e9s par le Code de la propri\u00e9t\u00e9 intellectuelle.<\/p><p data-start=\"659\" data-end=\"888\">Toute reproduction, repr\u00e9sentation, modification, publication, transmission ou adaptation, totale ou partielle, des contenus du site, par quelque proc\u00e9d\u00e9 que ce soit, sans autorisation \u00e9crite pr\u00e9alable, est strictement interdite.<\/p><p data-start=\"890\" data-end=\"989\">Toute utilisation non autoris\u00e9e pourra engager la responsabilit\u00e9 civile et\/ou p\u00e9nale de son auteur.<\/p><p data-start=\"991\" data-end=\"1065\">\u00a9 2026 \u2013 Luca BASSO \u2013 \u00c9lections municipales mars 2026\u2013 Tous droits r\u00e9serv\u00e9s.<\/p><\/div><\/div><p>\u00a0<\/p>\t\t\t\t\t\t\t\t<\/div>\n\t\t\t\t\t<\/div>\n\t\t\t\t<\/div>\n\t\t\t\t<\/div>\n\t\t","protected":false},"excerpt":{"rendered":"<p>Directeur de publication Luca BASSO H\u00e9bergement Le site est h\u00e9berg\u00e9 par : OVH \u2013 Si\u00e8ge social : 2 rue Kellermann \u2013 59100 Roubaix \u2013 France Voici une version adapt\u00e9e aux \u00e9lections municipales de mars 2026, pr\u00eate \u00e0 ins\u00e9rer dans vos mentions l\u00e9gales : Propri\u00e9t\u00e9 intellectuelle Le pr\u00e9sent site constitue le site officiel de campagne de [&hellip;]<\/p>\n","protected":false},"author":1,"featured_media":0,"parent":0,"menu_order":0,"comment_status":"closed","ping_status":"closed","template":"elementor_canvas","meta":{"footnotes":""},"class_list":["post-170","page","type-page","status-publish","hentry"],"_links":{"self":[{"href":"https:\/\/vive-wintzenheim.fr\/index.php\/wp-json\/wp\/v2\/pages\/170","targetHints":{"allow":["GET"]}}],"collection":[{"href":"https:\/\/vive-wintzenheim.fr\/index.php\/wp-json\/wp\/v2\/pages"}],"about":[{"href":"https:\/\/vive-wintzenheim.fr\/index.php\/wp-json\/wp\/v2\/types\/page"}],"author":[{"embeddable":true,"href":"https:\/\/vive-wintzenheim.fr\/index.php\/wp-json\/wp\/v2\/users\/1"}],"replies":[{"embeddable":true,"href":"https:\/\/vive-wintzenheim.fr\/index.php\/wp-json\/wp\/v2\/comments?post=170"}],"version-history":[{"count":4,"href":"https:\/\/vive-wintzenheim.fr\/index.php\/wp-json\/wp\/v2\/pages\/170\/revisions"}],"predecessor-version":[{"id":174,"href":"https:\/\/vive-wintzenheim.fr\/index.php\/wp-json\/wp\/v2\/pages\/170\/revisions\/174"}],"wp:attachment":[{"href":"https:\/\/vive-wintzenheim.fr\/index.php\/wp-json\/wp\/v2\/media?parent=170"}],"curies":[{"name":"wp","href":"https:\/\/api.w.org\/{rel}","templated":true}]}}