{"id":234,"date":"2026-02-25T14:35:22","date_gmt":"2026-02-25T14:35:22","guid":{"rendered":"https:\/\/vive-wintzenheim.fr\/?page_id=234"},"modified":"2026-02-25T15:16:13","modified_gmt":"2026-02-25T15:16:13","slug":"routedecolmar","status":"publish","type":"page","link":"https:\/\/vive-wintzenheim.fr\/index.php\/routedecolmar\/","title":{"rendered":"Route de Colmar"},"content":{"rendered":"\t\t<div data-elementor-type=\"wp-page\" data-elementor-id=\"234\" class=\"elementor elementor-234\">\n\t\t\t\t<div class=\"elementor-element elementor-element-a0ed352 e-flex e-con-boxed e-con e-parent\" data-id=\"a0ed352\" data-element_type=\"container\" data-e-type=\"container\" data-settings=\"{&quot;background_background&quot;:&quot;gradient&quot;}\">\n\t\t\t\t\t<div class=\"e-con-inner\">\n\t\t\t\t<div class=\"elementor-element elementor-element-8b44542 elementor-widget elementor-widget-image\" data-id=\"8b44542\" data-element_type=\"widget\" data-e-type=\"widget\" data-widget_type=\"image.default\">\n\t\t\t\t\t\t\t\t\t\t\t\t\t\t\t<img fetchpriority=\"high\" decoding=\"async\" width=\"700\" height=\"635\" src=\"https:\/\/vive-wintzenheim.fr\/wp-content\/uploads\/2026\/02\/travaux3.png\" class=\"attachment-large size-large wp-image-241\" alt=\"\" srcset=\"https:\/\/vive-wintzenheim.fr\/wp-content\/uploads\/2026\/02\/travaux3.png 700w, https:\/\/vive-wintzenheim.fr\/wp-content\/uploads\/2026\/02\/travaux3-300x272.png 300w\" sizes=\"(max-width: 700px) 100vw, 700px\" \/>\t\t\t\t\t\t\t\t\t\t\t\t\t\t\t<\/div>\n\t\t\t\t<div class=\"elementor-element elementor-element-6971555 elementor-widget elementor-widget-heading\" data-id=\"6971555\" data-element_type=\"widget\" data-e-type=\"widget\" data-widget_type=\"heading.default\">\n\t\t\t\t\t<h2 class=\"elementor-heading-title elementor-size-default\">INFO TRAVAUX<\/h2>\t\t\t\t<\/div>\n\t\t\t\t\t<\/div>\n\t\t\t\t<\/div>\n\t\t<div class=\"elementor-element elementor-element-642d766 e-flex e-con-boxed e-con e-parent\" data-id=\"642d766\" data-element_type=\"container\" data-e-type=\"container\" data-settings=\"{&quot;background_background&quot;:&quot;classic&quot;}\">\n\t\t\t\t\t<div class=\"e-con-inner\">\n\t\t<div class=\"elementor-element elementor-element-c5736e2 e-con-full e-flex e-con e-child\" data-id=\"c5736e2\" data-element_type=\"container\" data-e-type=\"container\" data-settings=\"{&quot;background_background&quot;:&quot;classic&quot;}\">\n\t\t\t\t<div class=\"elementor-element elementor-element-149a75f elementor-invisible elementor-widget elementor-widget-heading\" data-id=\"149a75f\" data-element_type=\"widget\" data-e-type=\"widget\" data-settings=\"{&quot;_animation&quot;:&quot;fadeIn&quot;}\" data-widget_type=\"heading.default\">\n\t\t\t\t\t<h2 class=\"elementor-heading-title elementor-size-default\">ROUTE DE COLMAR<\/h2>\t\t\t\t<\/div>\n\t\t\t\t<div class=\"elementor-element elementor-element-4ab19e9 elementor-widget__width-initial elementor-invisible elementor-widget elementor-widget-text-editor\" data-id=\"4ab19e9\" data-element_type=\"widget\" data-e-type=\"widget\" data-settings=\"{&quot;_animation&quot;:&quot;fadeIn&quot;}\" data-widget_type=\"text-editor.default\">\n\t\t\t\t\t\t\t\t\t<h3><strong>Ensemble, finalisons ce projet structurant pour Wintzenheim !<\/strong><\/h3><h3><strong>Ce projet est plus qu\u2019un am\u00e9nagement, c\u2019est un choix pour l\u2019avenir, un engagement pour une ville plus durable, plus s\u00fbre et plus harmonieuse.<\/strong><\/h3>\t\t\t\t\t\t\t\t<\/div>\n\t\t\t\t<\/div>\n\t\t\t\t\t<\/div>\n\t\t\t\t<\/div>\n\t\t<div class=\"elementor-element elementor-element-0eb693c e-flex e-con-boxed e-con e-parent\" data-id=\"0eb693c\" data-element_type=\"container\" data-e-type=\"container\">\n\t\t\t\t\t<div class=\"e-con-inner\">\n\t\t\t\t<div class=\"elementor-element elementor-element-5b99de7 elementor-widget elementor-widget-image\" data-id=\"5b99de7\" data-element_type=\"widget\" data-e-type=\"widget\" data-widget_type=\"image.default\">\n\t\t\t\t\t\t\t\t\t\t\t\t\t\t\t<img decoding=\"async\" width=\"774\" height=\"568\" src=\"https:\/\/vive-wintzenheim.fr\/wp-content\/uploads\/2026\/02\/route.png\" class=\"attachment-large size-large wp-image-242\" alt=\"\" srcset=\"https:\/\/vive-wintzenheim.fr\/wp-content\/uploads\/2026\/02\/route.png 774w, https:\/\/vive-wintzenheim.fr\/wp-content\/uploads\/2026\/02\/route-300x220.png 300w, https:\/\/vive-wintzenheim.fr\/wp-content\/uploads\/2026\/02\/route-768x564.png 768w\" sizes=\"(max-width: 774px) 100vw, 774px\" \/>\t\t\t\t\t\t\t\t\t\t\t\t\t\t\t<\/div>\n\t\t\t\t<div class=\"elementor-element elementor-element-65a7a96 elementor-widget elementor-widget-heading\" data-id=\"65a7a96\" data-element_type=\"widget\" data-e-type=\"widget\" data-widget_type=\"heading.default\">\n\t\t\t\t\t<h2 class=\"elementor-heading-title elementor-size-default\">La route de Colmar c'est :<\/h2>\t\t\t\t<\/div>\n\t\t\t\t<div class=\"elementor-element elementor-element-6c60b1d elementor-widget elementor-widget-text-editor\" data-id=\"6c60b1d\" data-element_type=\"widget\" data-e-type=\"widget\" data-widget_type=\"text-editor.default\">\n\t\t\t\t\t\t\t\t\t<h5><strong>\u2022 Un axe majeur de notre ville<\/strong><\/h5><h5><strong>\u2022 1,5 km de longueur<\/strong><\/h5><h5><strong>\u2022 Largeur sup\u00e9rieure \u00e0 20 m<\/strong><\/h5><h5><strong>\u2022 Ancienne route d\u00e9partementale rattach\u00e9e \u00e0 la commune en 2009<\/strong><\/h5><p>Une premi\u00e8re tranche ayant \u00e9t\u00e9 r\u00e9alis\u00e9e, nous voulons achever cet am\u00e9nagement. <br \/>Hier, pens\u00e9e uniquement pour la voiture, cette route doit aujourd\u2019hui r\u00e9pondre aux enjeux de demain : environnement, mobilit\u00e9s douces, circulation apais\u00e9e et cadre de vie.<\/p>\t\t\t\t\t\t\t\t<\/div>\n\t\t<div class=\"elementor-element elementor-element-09106d4 e-con-full e-flex e-con e-child\" data-id=\"09106d4\" data-element_type=\"container\" data-e-type=\"container\" data-settings=\"{&quot;background_background&quot;:&quot;gradient&quot;,&quot;shape_divider_top&quot;:&quot;tilt&quot;,&quot;shape_divider_bottom&quot;:&quot;tilt&quot;}\">\n\t\t\t\t<div class=\"elementor-shape elementor-shape-top\" aria-hidden=\"true\" data-negative=\"false\">\n\t\t\t<svg xmlns=\"http:\/\/www.w3.org\/2000\/svg\" viewBox=\"0 0 1000 100\" preserveAspectRatio=\"none\">\n\t<path class=\"elementor-shape-fill\" d=\"M0,6V0h1000v100L0,6z\"\/>\n<\/svg>\t\t<\/div>\n\t\t\t\t<div class=\"elementor-shape elementor-shape-bottom\" aria-hidden=\"true\" data-negative=\"false\">\n\t\t\t<svg xmlns=\"http:\/\/www.w3.org\/2000\/svg\" viewBox=\"0 0 1000 100\" preserveAspectRatio=\"none\">\n\t<path class=\"elementor-shape-fill\" d=\"M0,6V0h1000v100L0,6z\"\/>\n<\/svg>\t\t<\/div>\n\t\t\t\t<div class=\"elementor-element elementor-element-02c8024 elementor-widget elementor-widget-image\" data-id=\"02c8024\" data-element_type=\"widget\" data-e-type=\"widget\" data-widget_type=\"image.default\">\n\t\t\t\t\t\t\t\t\t\t\t\t\t\t\t<img decoding=\"async\" width=\"584\" height=\"513\" src=\"https:\/\/vive-wintzenheim.fr\/wp-content\/uploads\/2026\/02\/argent.png\" class=\"attachment-large size-large wp-image-246\" alt=\"\" srcset=\"https:\/\/vive-wintzenheim.fr\/wp-content\/uploads\/2026\/02\/argent.png 584w, https:\/\/vive-wintzenheim.fr\/wp-content\/uploads\/2026\/02\/argent-300x264.png 300w\" sizes=\"(max-width: 584px) 100vw, 584px\" \/>\t\t\t\t\t\t\t\t\t\t\t\t\t\t\t<\/div>\n\t\t\t\t<div class=\"elementor-element elementor-element-0469701 elementor-widget elementor-widget-heading\" data-id=\"0469701\" data-element_type=\"widget\" data-e-type=\"widget\" data-widget_type=\"heading.default\">\n\t\t\t\t\t<h3 class=\"elementor-heading-title elementor-size-default\">Le projet est s\u00e9rieux et finan\u00e7able<\/h3>\t\t\t\t<\/div>\n\t\t\t\t<div class=\"elementor-element elementor-element-36d000d elementor-widget elementor-widget-text-editor\" data-id=\"36d000d\" data-element_type=\"widget\" data-e-type=\"widget\" data-widget_type=\"text-editor.default\">\n\t\t\t\t\t\t\t\t\t<p>\u2022 <strong>3,6 Millions d\u2019euros<\/strong><br \/><strong>\u2022 Planification sur le mandat, gestion financi\u00e8re responsable<\/strong><br \/><strong>\u2022 20% de subventions mobilisables :<\/strong><br \/><strong>(Fonds Europ\u00e9en de D\u00e9veloppement R\u00e9gional (FEDER), Agence de l\u2019Eau Rhin-Meuse)<\/strong><\/p>\t\t\t\t\t\t\t\t<\/div>\n\t\t\t\t<\/div>\n\t\t\t\t\t<\/div>\n\t\t\t\t<\/div>\n\t\t<div class=\"elementor-element elementor-element-429bc4f e-flex e-con-boxed e-con e-parent\" data-id=\"429bc4f\" data-element_type=\"container\" data-e-type=\"container\">\n\t\t\t\t\t<div class=\"e-con-inner\">\n\t\t\t\t<div class=\"elementor-element elementor-element-07f7c68 elementor-widget elementor-widget-image\" data-id=\"07f7c68\" data-element_type=\"widget\" data-e-type=\"widget\" data-widget_type=\"image.default\">\n\t\t\t\t\t\t\t\t\t\t\t\t\t\t\t<img loading=\"lazy\" decoding=\"async\" width=\"505\" height=\"561\" src=\"https:\/\/vive-wintzenheim.fr\/wp-content\/uploads\/2026\/02\/environnement.png\" class=\"attachment-large size-large wp-image-248\" alt=\"\" srcset=\"https:\/\/vive-wintzenheim.fr\/wp-content\/uploads\/2026\/02\/environnement.png 505w, https:\/\/vive-wintzenheim.fr\/wp-content\/uploads\/2026\/02\/environnement-270x300.png 270w\" sizes=\"(max-width: 505px) 100vw, 505px\" \/>\t\t\t\t\t\t\t\t\t\t\t\t\t\t\t<\/div>\n\t\t\t\t<div class=\"elementor-element elementor-element-3ce7e41 elementor-widget elementor-widget-heading\" data-id=\"3ce7e41\" data-element_type=\"widget\" data-e-type=\"widget\" data-widget_type=\"heading.default\">\n\t\t\t\t\t<h2 class=\"elementor-heading-title elementor-size-default\">Un enjeu environnemental majeur<\/h2>\t\t\t\t<\/div>\n\t\t\t\t<div class=\"elementor-element elementor-element-d7743ff elementor-widget elementor-widget-text-editor\" data-id=\"d7743ff\" data-element_type=\"widget\" data-e-type=\"widget\" data-widget_type=\"text-editor.default\">\n\t\t\t\t\t\t\t\t\t<p><strong>\u2022 Infiltration naturelle des eaux de pluie<\/strong><br \/><strong>\u2022 Noues paysag\u00e8res et plantation d\u2019arbres<\/strong><br \/><strong>\u2022 Lutte contre les \u00eelots de chaleur<\/strong><\/p><p>Une premi\u00e8re tranche ayant \u00e9t\u00e9 r\u00e9alis\u00e9e, nous voulons achever cet am\u00e9nagement. <br \/>Hier, pens\u00e9e uniquement pour la voiture, cette route doit aujourd\u2019hui r\u00e9pondre aux enjeux de demain : environnement, mobilit\u00e9s douces, circulation apais\u00e9e et cadre de vie.<\/p>\t\t\t\t\t\t\t\t<\/div>\n\t\t<div class=\"elementor-element elementor-element-c4ebfd0 e-con-full e-flex e-con e-child\" data-id=\"c4ebfd0\" data-element_type=\"container\" data-e-type=\"container\" data-settings=\"{&quot;background_background&quot;:&quot;gradient&quot;,&quot;shape_divider_top&quot;:&quot;tilt&quot;,&quot;shape_divider_bottom&quot;:&quot;tilt&quot;}\">\n\t\t\t\t<div class=\"elementor-shape elementor-shape-top\" aria-hidden=\"true\" data-negative=\"false\">\n\t\t\t<svg xmlns=\"http:\/\/www.w3.org\/2000\/svg\" viewBox=\"0 0 1000 100\" preserveAspectRatio=\"none\">\n\t<path class=\"elementor-shape-fill\" d=\"M0,6V0h1000v100L0,6z\"\/>\n<\/svg>\t\t<\/div>\n\t\t\t\t<div class=\"elementor-shape elementor-shape-bottom\" aria-hidden=\"true\" data-negative=\"false\">\n\t\t\t<svg xmlns=\"http:\/\/www.w3.org\/2000\/svg\" viewBox=\"0 0 1000 100\" preserveAspectRatio=\"none\">\n\t<path class=\"elementor-shape-fill\" d=\"M0,6V0h1000v100L0,6z\"\/>\n<\/svg>\t\t<\/div>\n\t\t\t\t<div class=\"elementor-element elementor-element-ee50a19 elementor-widget elementor-widget-image\" data-id=\"ee50a19\" data-element_type=\"widget\" data-e-type=\"widget\" data-widget_type=\"image.default\">\n\t\t\t\t\t\t\t\t\t\t\t\t\t\t\t<img loading=\"lazy\" decoding=\"async\" width=\"641\" height=\"411\" src=\"https:\/\/vive-wintzenheim.fr\/wp-content\/uploads\/2026\/02\/partage.png\" class=\"attachment-large size-large wp-image-249\" alt=\"\" srcset=\"https:\/\/vive-wintzenheim.fr\/wp-content\/uploads\/2026\/02\/partage.png 641w, https:\/\/vive-wintzenheim.fr\/wp-content\/uploads\/2026\/02\/partage-300x192.png 300w\" sizes=\"(max-width: 641px) 100vw, 641px\" \/>\t\t\t\t\t\t\t\t\t\t\t\t\t\t\t<\/div>\n\t\t\t\t<div class=\"elementor-element elementor-element-a22c2fe elementor-widget elementor-widget-heading\" data-id=\"a22c2fe\" data-element_type=\"widget\" data-e-type=\"widget\" data-widget_type=\"heading.default\">\n\t\t\t\t\t<h3 class=\"elementor-heading-title elementor-size-default\">Une chauss\u00e9e mieux partag\u00e9e <\/h3>\t\t\t\t<\/div>\n\t\t\t\t<div class=\"elementor-element elementor-element-6b4c378 elementor-widget elementor-widget-text-editor\" data-id=\"6b4c378\" data-element_type=\"widget\" data-e-type=\"widget\" data-widget_type=\"text-editor.default\">\n\t\t\t\t\t\t\t\t\t<p><strong>\u2022 Circulation automobile apais\u00e9e<\/strong><br \/><strong>\u2022 Cheminements des pi\u00e9tons s\u00e9curis\u00e9s<\/strong><br \/><strong>\u2022 Int\u00e9gration des v\u00e9los<\/strong><br \/><strong>\u2022 Accessibilit\u00e9 renforc\u00e9e<\/strong><\/p>\t\t\t\t\t\t\t\t<\/div>\n\t\t\t\t<\/div>\n\t\t\t\t\t<\/div>\n\t\t\t\t<\/div>\n\t\t<div class=\"elementor-element elementor-element-924f7e6 e-flex e-con-boxed e-con e-parent\" data-id=\"924f7e6\" data-element_type=\"container\" data-e-type=\"container\">\n\t\t\t\t\t<div class=\"e-con-inner\">\n\t\t\t\t<div class=\"elementor-element elementor-element-17b82b6 elementor-button-success elementor-align-center elementor-widget elementor-widget-button\" data-id=\"17b82b6\" data-element_type=\"widget\" data-e-type=\"widget\" data-widget_type=\"button.default\">\n\t\t\t\t\t\t\t\t\t\t<a class=\"elementor-button elementor-button-link elementor-size-sm\" href=\"http:\/\/www.vive-wintzenheim.fr\">\n\t\t\t\t\t\t<span class=\"elementor-button-content-wrapper\">\n\t\t\t\t\t\t<span class=\"elementor-button-icon\">\n\t\t\t\t<svg aria-hidden=\"true\" class=\"e-font-icon-svg e-fas-home\" viewBox=\"0 0 576 512\" xmlns=\"http:\/\/www.w3.org\/2000\/svg\"><path d=\"M280.37 148.26L96 300.11V464a16 16 0 0 0 16 16l112.06-.29a16 16 0 0 0 15.92-16V368a16 16 0 0 1 16-16h64a16 16 0 0 1 16 16v95.64a16 16 0 0 0 16 16.05L464 480a16 16 0 0 0 16-16V300L295.67 148.26a12.19 12.19 0 0 0-15.3 0zM571.6 251.47L488 182.56V44.05a12 12 0 0 0-12-12h-56a12 12 0 0 0-12 12v72.61L318.47 43a48 48 0 0 0-61 0L4.34 251.47a12 12 0 0 0-1.6 16.9l25.5 31A12 12 0 0 0 45.15 301l235.22-193.74a12.19 12.19 0 0 1 15.3 0L530.9 301a12 12 0 0 0 16.9-1.6l25.5-31a12 12 0 0 0-1.7-16.93z\"><\/path><\/svg>\t\t\t<\/span>\n\t\t\t\t\t\t\t\t\t<span class=\"elementor-button-text\">Retour Accueil<\/span>\n\t\t\t\t\t<\/span>\n\t\t\t\t\t<\/a>\n\t\t\t\t\t\t\t\t<\/div>\n\t\t\t\t\t<\/div>\n\t\t\t\t<\/div>\n\t\t\t\t<\/div>\n\t\t","protected":false},"excerpt":{"rendered":"<p>INFO TRAVAUX ROUTE DE COLMAR Ensemble, finalisons ce projet structurant pour Wintzenheim ! Ce projet est plus qu\u2019un am\u00e9nagement, c\u2019est un choix pour l\u2019avenir, un engagement pour une ville plus durable, plus s\u00fbre et plus harmonieuse. La route de Colmar c&rsquo;est : \u2022 Un axe majeur de notre ville \u2022 1,5 km de longueur \u2022 [&hellip;]<\/p>\n","protected":false},"author":1,"featured_media":0,"parent":0,"menu_order":0,"comment_status":"closed","ping_status":"closed","template":"elementor_canvas","meta":{"footnotes":""},"class_list":["post-234","page","type-page","status-publish","hentry"],"_links":{"self":[{"href":"https:\/\/vive-wintzenheim.fr\/index.php\/wp-json\/wp\/v2\/pages\/234","targetHints":{"allow":["GET"]}}],"collection":[{"href":"https:\/\/vive-wintzenheim.fr\/index.php\/wp-json\/wp\/v2\/pages"}],"about":[{"href":"https:\/\/vive-wintzenheim.fr\/index.php\/wp-json\/wp\/v2\/types\/page"}],"author":[{"embeddable":true,"href":"https:\/\/vive-wintzenheim.fr\/index.php\/wp-json\/wp\/v2\/users\/1"}],"replies":[{"embeddable":true,"href":"https:\/\/vive-wintzenheim.fr\/index.php\/wp-json\/wp\/v2\/comments?post=234"}],"version-history":[{"count":34,"href":"https:\/\/vive-wintzenheim.fr\/index.php\/wp-json\/wp\/v2\/pages\/234\/revisions"}],"predecessor-version":[{"id":287,"href":"https:\/\/vive-wintzenheim.fr\/index.php\/wp-json\/wp\/v2\/pages\/234\/revisions\/287"}],"wp:attachment":[{"href":"https:\/\/vive-wintzenheim.fr\/index.php\/wp-json\/wp\/v2\/media?parent=234"}],"curies":[{"name":"wp","href":"https:\/\/api.w.org\/{rel}","templated":true}]}}